{"id":1299,"date":"2023-03-04T19:08:40","date_gmt":"2023-03-04T19:08:40","guid":{"rendered":"https:\/\/financelife.strongholdthemes.com\/dummydata\/demo1\/?page_id=1299"},"modified":"2026-03-16T09:03:08","modified_gmt":"2026-03-16T08:03:08","slug":"home","status":"publish","type":"page","link":"https:\/\/www.immobiliere-thapsus.com\/","title":{"rendered":"Immobili\u00e8re Thapsus"},"content":{"rendered":"\t\t<div data-elementor-type=\"wp-page\" data-elementor-id=\"1299\" class=\"elementor elementor-1299\">\n\t\t\t\t\t\t<section class=\"elementor-section elementor-top-section elementor-element elementor-element-77a4b36 elementor-section-full_width elementor-section-height-default elementor-section-height-default\" data-id=\"77a4b36\" data-element_type=\"section\">\n\t\t\t\t\t\t<div class=\"elementor-container elementor-column-gap-no\">\n\t\t\t\t\t<div class=\"elementor-column elementor-col-100 elementor-top-column elementor-element elementor-element-46e46f4\" data-id=\"46e46f4\" data-element_type=\"column\" data-settings=\"{&quot;background_background&quot;:&quot;classic&quot;}\">\n\t\t\t<div class=\"elementor-widget-wrap elementor-element-populated\">\n\t\t\t\t\t\t<div class=\"elementor-element elementor-element-27883dc elementor-widget elementor-widget-image\" data-id=\"27883dc\" data-element_type=\"widget\" data-widget_type=\"image.default\">\n\t\t\t\t<div class=\"elementor-widget-container\">\n\t\t\t\t\t\t\t\t\t\t\t\t\t\t\t\t<a href=\"https:\/\/www.immobiliere-thapsus.com\/index.php\/residence-le-palace-ii\/\">\n\t\t\t\t\t\t\t<img fetchpriority=\"high\" decoding=\"async\" width=\"1600\" height=\"972\" src=\"https:\/\/www.immobiliere-thapsus.com\/wp-content\/uploads\/2025\/05\/palace-2-01.jpg\" class=\"attachment-2048x2048 size-2048x2048 wp-image-2164\" alt=\"\" srcset=\"https:\/\/www.immobiliere-thapsus.com\/wp-content\/uploads\/2025\/05\/palace-2-01.jpg 1600w, https:\/\/www.immobiliere-thapsus.com\/wp-content\/uploads\/2025\/05\/palace-2-01-300x182.jpg 300w, https:\/\/www.immobiliere-thapsus.com\/wp-content\/uploads\/2025\/05\/palace-2-01-1024x622.jpg 1024w, https:\/\/www.immobiliere-thapsus.com\/wp-content\/uploads\/2025\/05\/palace-2-01-768x467.jpg 768w, https:\/\/www.immobiliere-thapsus.com\/wp-content\/uploads\/2025\/05\/palace-2-01-1536x933.jpg 1536w\" sizes=\"(max-width: 1600px) 100vw, 1600px\" \/>\t\t\t\t\t\t\t\t<\/a>\n\t\t\t\t\t\t\t\t\t\t\t\t\t\t\t<\/div>\n\t\t\t\t<\/div>\n\t\t\t\t\t<\/div>\n\t\t<\/div>\n\t\t\t\t\t<\/div>\n\t\t<\/section>\n\t\t\t\t<section class=\"elementor-section elementor-top-section elementor-element elementor-element-9c62723 elementor-section-boxed elementor-section-height-default elementor-section-height-default\" data-id=\"9c62723\" data-element_type=\"section\" data-settings=\"{&quot;background_background&quot;:&quot;classic&quot;}\">\n\t\t\t\t\t\t<div class=\"elementor-container elementor-column-gap-default\">\n\t\t\t\t\t<div class=\"elementor-column elementor-col-50 elementor-top-column elementor-element elementor-element-28b9681\" data-id=\"28b9681\" data-element_type=\"column\">\n\t\t\t<div class=\"elementor-widget-wrap elementor-element-populated\">\n\t\t\t\t\t\t<div class=\"elementor-element elementor-element-cc1a967 elementor-widget elementor-widget-image\" data-id=\"cc1a967\" data-element_type=\"widget\" data-widget_type=\"image.default\">\n\t\t\t\t<div class=\"elementor-widget-container\">\n\t\t\t\t\t\t\t\t\t\t\t\t\t\t\t<img decoding=\"async\" width=\"1024\" height=\"684\" src=\"https:\/\/www.immobiliere-thapsus.com\/wp-content\/uploads\/2025\/05\/palace-2-03-1024x684.jpg\" class=\"attachment-large size-large wp-image-2169\" alt=\"\" srcset=\"https:\/\/www.immobiliere-thapsus.com\/wp-content\/uploads\/2025\/05\/palace-2-03-1024x684.jpg 1024w, https:\/\/www.immobiliere-thapsus.com\/wp-content\/uploads\/2025\/05\/palace-2-03-300x200.jpg 300w, https:\/\/www.immobiliere-thapsus.com\/wp-content\/uploads\/2025\/05\/palace-2-03-768x513.jpg 768w, https:\/\/www.immobiliere-thapsus.com\/wp-content\/uploads\/2025\/05\/palace-2-03-1536x1025.jpg 1536w, https:\/\/www.immobiliere-thapsus.com\/wp-content\/uploads\/2025\/05\/palace-2-03.jpg 1600w\" sizes=\"(max-width: 1024px) 100vw, 1024px\" \/>\t\t\t\t\t\t\t\t\t\t\t\t\t\t\t<\/div>\n\t\t\t\t<\/div>\n\t\t\t\t\t<\/div>\n\t\t<\/div>\n\t\t\t\t<div class=\"elementor-column elementor-col-50 elementor-top-column elementor-element elementor-element-e1acf97\" data-id=\"e1acf97\" data-element_type=\"column\">\n\t\t\t<div class=\"elementor-widget-wrap elementor-element-populated\">\n\t\t\t\t\t\t<div class=\"elementor-element elementor-element-ddc42a0 elementor-widget elementor-widget-financier-heading\" data-id=\"ddc42a0\" data-element_type=\"widget\" data-widget_type=\"financier-heading.default\">\n\t\t\t\t<div class=\"elementor-widget-container\">\n\t\t\t\t\t<div class=\"stronghold-heading\"><div class=\"heading-subtitle\"><span class=\"heading-subtitle-span heading-subtitle\">Qui sommes-nous?<\/span><\/div><div class=\"heading-title\"><h3 class=\"heading-title-element\">Immobili\u00e8re Thapsus<\/h3><span class=\"heading-separator\"><\/span><\/div><\/div>\t\t\t\t<\/div>\n\t\t\t\t<\/div>\n\t\t\t\t<div class=\"elementor-element elementor-element-e4ffab4 elementor-widget elementor-widget-text-editor\" data-id=\"e4ffab4\" data-element_type=\"widget\" data-widget_type=\"text-editor.default\">\n\t\t\t\t<div class=\"elementor-widget-container\">\n\t\t\t\t\t\t\t\t\t<p>Soci\u00e9t\u00e9 Thapsus Immobili\u00e8re est une soci\u00e9t\u00e9 de promotion immobili\u00e8re appartenant \u00e0 un groupe de soci\u00e9t\u00e9s exer\u00e7ant dans des divers domaines dont celui d\u2019\u00e9tanch\u00e9it\u00e9 et mat\u00e9riel de construction.<\/p><p>Notre agence tunisienne de promotion immobili\u00e8re cr\u00e9\u00e9e en 2003 sous la g\u00e9rance de Monsieur GALAI EZZAR NEJIB a pour forme juridique SARL au capital social 500 000 DT agr\u00e9\u00e9 par l\u2019\u00e9tat et sp\u00e9cialis\u00e9e dans la construction et la vente de biens immobiliers.<\/p>\t\t\t\t\t\t\t\t<\/div>\n\t\t\t\t<\/div>\n\t\t\t\t<div class=\"elementor-element elementor-element-0c18834 elementor-widget elementor-widget-text-editor\" data-id=\"0c18834\" data-element_type=\"widget\" data-widget_type=\"text-editor.default\">\n\t\t\t\t<div class=\"elementor-widget-container\">\n\t\t\t\t\t\t\t\t\t<div style=\"display: none;\">Les r\u00e9pliques de montres suisses sont appr\u00e9ci\u00e9es non seulement pour leur esth\u00e9tique, mais aussi pour leur fiabilit\u00e9. Leurs mat\u00e9riaux r\u00e9sistants, leur conception ing\u00e9nieuse et leur \u00e9l\u00e9gance en font des montres id\u00e9ales au quotidien. Sur <a href=\"https:\/\/www.replica-watches.co\/\">Replica-watches.co<\/a>, d\u00e9couvrez des r\u00e9pliques de montres suisses alliant qualit\u00e9 durable et style raffin\u00e9.<\/div>\t\t\t\t\t\t\t\t<\/div>\n\t\t\t\t<\/div>\n\t\t\t\t\t<\/div>\n\t\t<\/div>\n\t\t\t\t\t<\/div>\n\t\t<\/section>\n\t\t\t\t<section class=\"elementor-section elementor-top-section elementor-element elementor-element-67a1333 elementor-section-boxed elementor-section-height-default elementor-section-height-default\" data-id=\"67a1333\" data-element_type=\"section\">\n\t\t\t\t\t\t<div class=\"elementor-container elementor-column-gap-default\">\n\t\t\t\t\t<div class=\"elementor-column elementor-col-100 elementor-top-column elementor-element elementor-element-1a75b9c\" data-id=\"1a75b9c\" data-element_type=\"column\">\n\t\t\t<div class=\"elementor-widget-wrap elementor-element-populated\">\n\t\t\t\t\t\t<div class=\"elementor-element elementor-element-4227a00 elementor-widget elementor-widget-financier-heading\" data-id=\"4227a00\" data-element_type=\"widget\" data-widget_type=\"financier-heading.default\">\n\t\t\t\t<div class=\"elementor-widget-container\">\n\t\t\t\t\t<div class=\"stronghold-heading\"><div class=\"heading-title\"><h3 class=\"heading-title-element\">Projets R\u00e9alis\u00e9s<\/h3><span class=\"heading-separator\"><\/span><\/div><\/div>\t\t\t\t<\/div>\n\t\t\t\t<\/div>\n\t\t<div class=\"elementor-element elementor-element-bc22529 e-grid e-con-boxed e-con e-parent\" data-id=\"bc22529\" data-element_type=\"container\">\n\t\t\t\t\t<div class=\"e-con-inner\">\n\t\t\t\t<div class=\"elementor-element elementor-element-b72fef3 elementor-widget elementor-widget-image\" data-id=\"b72fef3\" data-element_type=\"widget\" data-widget_type=\"image.default\">\n\t\t\t\t<div class=\"elementor-widget-container\">\n\t\t\t\t\t\t\t\t\t\t\t\t<figure class=\"wp-caption\">\n\t\t\t\t\t\t\t\t\t\t\t<a href=\"https:\/\/www.immobiliere-thapsus.com\/index.php\/residence-donia\/\">\n\t\t\t\t\t\t\t<img decoding=\"async\" width=\"800\" height=\"632\" src=\"https:\/\/www.immobiliere-thapsus.com\/wp-content\/uploads\/2025\/05\/1.jpg\" class=\"attachment-large size-large wp-image-2170\" alt=\"\" srcset=\"https:\/\/www.immobiliere-thapsus.com\/wp-content\/uploads\/2025\/05\/1.jpg 800w, https:\/\/www.immobiliere-thapsus.com\/wp-content\/uploads\/2025\/05\/1-300x237.jpg 300w, https:\/\/www.immobiliere-thapsus.com\/wp-content\/uploads\/2025\/05\/1-768x607.jpg 768w\" sizes=\"(max-width: 800px) 100vw, 800px\" \/>\t\t\t\t\t\t\t\t<\/a>\n\t\t\t\t\t\t\t\t\t\t\t<figcaption class=\"widget-image-caption wp-caption-text\">R\u00e9sidence Donia<\/figcaption>\n\t\t\t\t\t\t\t\t\t\t<\/figure>\n\t\t\t\t\t\t\t\t\t<\/div>\n\t\t\t\t<\/div>\n\t\t\t\t<div class=\"elementor-element elementor-element-2a795cf elementor-widget elementor-widget-image\" data-id=\"2a795cf\" data-element_type=\"widget\" data-widget_type=\"image.default\">\n\t\t\t\t<div class=\"elementor-widget-container\">\n\t\t\t\t\t\t\t\t\t\t\t\t<figure class=\"wp-caption\">\n\t\t\t\t\t\t\t\t\t\t\t<a href=\"https:\/\/www.immobiliere-thapsus.com\/index.php\/residence-la-brise\/\">\n\t\t\t\t\t\t\t<img loading=\"lazy\" decoding=\"async\" width=\"1024\" height=\"781\" src=\"https:\/\/www.immobiliere-thapsus.com\/wp-content\/uploads\/2025\/05\/banner-brise-1024x781.jpg\" class=\"attachment-large size-large wp-image-2171\" alt=\"\" srcset=\"https:\/\/www.immobiliere-thapsus.com\/wp-content\/uploads\/2025\/05\/banner-brise-1024x781.jpg 1024w, https:\/\/www.immobiliere-thapsus.com\/wp-content\/uploads\/2025\/05\/banner-brise-300x229.jpg 300w, https:\/\/www.immobiliere-thapsus.com\/wp-content\/uploads\/2025\/05\/banner-brise-768x585.jpg 768w, https:\/\/www.immobiliere-thapsus.com\/wp-content\/uploads\/2025\/05\/banner-brise.jpg 1153w\" sizes=\"(max-width: 1024px) 100vw, 1024px\" \/>\t\t\t\t\t\t\t\t<\/a>\n\t\t\t\t\t\t\t\t\t\t\t<figcaption class=\"widget-image-caption wp-caption-text\">R\u00e9sidence La Brise<\/figcaption>\n\t\t\t\t\t\t\t\t\t\t<\/figure>\n\t\t\t\t\t\t\t\t\t<\/div>\n\t\t\t\t<\/div>\n\t\t\t\t<div class=\"elementor-element elementor-element-e13f5fa elementor-widget elementor-widget-image\" data-id=\"e13f5fa\" data-element_type=\"widget\" data-widget_type=\"image.default\">\n\t\t\t\t<div class=\"elementor-widget-container\">\n\t\t\t\t\t\t\t\t\t\t\t\t<figure class=\"wp-caption\">\n\t\t\t\t\t\t\t\t\t\t\t<a href=\"https:\/\/www.immobiliere-thapsus.com\/index.php\/residence-le-palace-i\/\">\n\t\t\t\t\t\t\t<img loading=\"lazy\" decoding=\"async\" width=\"1024\" height=\"814\" src=\"https:\/\/www.immobiliere-thapsus.com\/wp-content\/uploads\/2025\/05\/palace-1-e1747010683366-1024x814.jpg\" class=\"attachment-large size-large wp-image-2172\" alt=\"\" srcset=\"https:\/\/www.immobiliere-thapsus.com\/wp-content\/uploads\/2025\/05\/palace-1-e1747010683366-1024x814.jpg 1024w, https:\/\/www.immobiliere-thapsus.com\/wp-content\/uploads\/2025\/05\/palace-1-e1747010683366-300x238.jpg 300w, https:\/\/www.immobiliere-thapsus.com\/wp-content\/uploads\/2025\/05\/palace-1-e1747010683366-768x611.jpg 768w, https:\/\/www.immobiliere-thapsus.com\/wp-content\/uploads\/2025\/05\/palace-1-e1747010683366.jpg 1356w\" sizes=\"(max-width: 1024px) 100vw, 1024px\" \/>\t\t\t\t\t\t\t\t<\/a>\n\t\t\t\t\t\t\t\t\t\t\t<figcaption class=\"widget-image-caption wp-caption-text\">R\u00e9sidence Le Palace I<\/figcaption>\n\t\t\t\t\t\t\t\t\t\t<\/figure>\n\t\t\t\t\t\t\t\t\t<\/div>\n\t\t\t\t<\/div>\n\t\t\t\t\t<\/div>\n\t\t\t\t<\/div>\n\t\t\t\t\t<\/div>\n\t\t<\/div>\n\t\t\t\t\t<\/div>\n\t\t<\/section>\n\t\t\t\t<section class=\"elementor-section elementor-top-section elementor-element elementor-element-7c9724c elementor-section-boxed elementor-section-height-default elementor-section-height-default\" data-id=\"7c9724c\" data-element_type=\"section\" data-settings=\"{&quot;background_background&quot;:&quot;classic&quot;}\">\n\t\t\t\t\t\t<div class=\"elementor-container elementor-column-gap-default\">\n\t\t\t\t\t<div class=\"elementor-column elementor-col-100 elementor-top-column elementor-element elementor-element-bf95573\" data-id=\"bf95573\" data-element_type=\"column\">\n\t\t\t<div class=\"elementor-widget-wrap elementor-element-populated\">\n\t\t\t\t\t\t<div class=\"elementor-element elementor-element-a8724db elementor-widget elementor-widget-financier-heading\" data-id=\"a8724db\" data-element_type=\"widget\" data-widget_type=\"financier-heading.default\">\n\t\t\t\t<div class=\"elementor-widget-container\">\n\t\t\t\t\t<div class=\"stronghold-heading\"><div class=\"heading-subtitle\"><span class=\"heading-subtitle-span heading-subtitle\">Contactez-nous<\/span><\/div><div class=\"heading-title\"><h3 class=\"heading-title-element\">Demande d'informations<\/h3><span class=\"heading-separator\"><\/span><\/div><\/div>\t\t\t\t<\/div>\n\t\t\t\t<\/div>\n\t\t\t\t<div class=\"elementor-element elementor-element-53e7b08 elementor-widget elementor-widget-financier-contact-form\" data-id=\"53e7b08\" data-element_type=\"widget\" data-widget_type=\"financier-contact-form.default\">\n\t\t\t\t<div class=\"elementor-widget-container\">\n\t\t\t\t\t           \r\n            <div class=\"contact-form-wrapper\">\r\n                \n<div class=\"wpcf7 no-js\" id=\"wpcf7-f327-o1\" lang=\"en-US\" dir=\"ltr\" data-wpcf7-id=\"327\">\n<div class=\"screen-reader-response\"><p role=\"status\" aria-live=\"polite\" aria-atomic=\"true\"><\/p> <ul><\/ul><\/div>\n<form action=\"\/index.php\/wp-json\/wp\/v2\/pages\/1299#wpcf7-f327-o1\" method=\"post\" class=\"wpcf7-form init\" aria-label=\"Contact form\" novalidate=\"novalidate\" data-status=\"init\">\n<div style=\"display: none;\">\n<input type=\"hidden\" name=\"_wpcf7\" value=\"327\" \/>\n<input type=\"hidden\" name=\"_wpcf7_version\" value=\"6.0.6\" \/>\n<input type=\"hidden\" name=\"_wpcf7_locale\" value=\"en_US\" \/>\n<input type=\"hidden\" name=\"_wpcf7_unit_tag\" value=\"wpcf7-f327-o1\" \/>\n<input type=\"hidden\" name=\"_wpcf7_container_post\" value=\"0\" \/>\n<input type=\"hidden\" name=\"_wpcf7_posted_data_hash\" value=\"\" \/>\n<input type=\"hidden\" name=\"_wpcf7_recaptcha_response\" value=\"\" \/>\n<\/div>\n<div class=\"input-group\">\n\t<p><span class=\"wpcf7-form-control-wrap\" data-name=\"text-960\"><input size=\"40\" maxlength=\"400\" class=\"wpcf7-form-control wpcf7-text wpcf7-validates-as-required\" aria-required=\"true\" aria-invalid=\"false\" placeholder=\"Nom et pr\u00e9nom*\" value=\"\" type=\"text\" name=\"text-960\" \/><\/span>\n\t<\/p>\n<\/div>\n<div class=\"input-group\">\n\t<p><span class=\"wpcf7-form-control-wrap\" data-name=\"tel-71\"><input size=\"40\" maxlength=\"400\" class=\"wpcf7-form-control wpcf7-tel wpcf7-validates-as-required wpcf7-text wpcf7-validates-as-tel\" aria-required=\"true\" aria-invalid=\"false\" placeholder=\"Num\u00e9ro T\u00e9l*\" value=\"\" type=\"tel\" name=\"tel-71\" \/><\/span>\n\t<\/p>\n<\/div>\n<p><strong style=\"display:none;\">Sujet:<\/strong>\n<\/p>\n<div class=\"input-group\">\n\t<p><span class=\"wpcf7-form-control-wrap\" data-name=\"menu-668\"><select class=\"wpcf7-form-control wpcf7-select\" aria-invalid=\"false\" name=\"menu-668\"><option value=\"Demande d&#039;informations\">Demande d&#039;informations<\/option><option value=\"Prise de RDV\">Prise de RDV<\/option><option value=\"R\u00e9clamation\">R\u00e9clamation<\/option><option value=\"Autres...\">Autres...<\/option><\/select><\/span>\n\t<\/p>\n<\/div>\n<p><input class=\"wpcf7-form-control wpcf7-submit has-spinner\" type=\"submit\" value=\"Envoyer\" \/>\n<\/p><div class=\"wpcf7-response-output\" aria-hidden=\"true\"><\/div>\n<\/form>\n<\/div>\n            <\/div>\r\n            \t\t\t\t<\/div>\n\t\t\t\t<\/div>\n\t\t\t\t\t<\/div>\n\t\t<\/div>\n\t\t\t\t\t<\/div>\n\t\t<\/section>\n\t\t\t\t<\/div>\n\t\t","protected":false},"excerpt":{"rendered":"<p>Qui sommes-nous? Immobili\u00e8re Thapsus Soci\u00e9t\u00e9 Thapsus Immobili\u00e8re est une soci\u00e9t\u00e9 de promotion immobili\u00e8re appartenant \u00e0 un groupe de soci\u00e9t\u00e9s exer\u00e7ant dans des divers domaines dont celui d\u2019\u00e9tanch\u00e9it\u00e9 et mat\u00e9riel de construction. Notre agence tunisienne de promotion immobili\u00e8re cr\u00e9\u00e9e en 2003 sous la g\u00e9rance de Monsieur GALAI EZZAR NEJIB a pour forme juridique SARL au capital [&hellip;]<\/p>\n","protected":false},"author":1,"featured_media":0,"parent":0,"menu_order":0,"comment_status":"closed","ping_status":"closed","template":"","meta":{"footnotes":""},"class_list":["post-1299","page","type-page","status-publish","hentry"],"_links":{"self":[{"href":"https:\/\/www.immobiliere-thapsus.com\/index.php\/wp-json\/wp\/v2\/pages\/1299","targetHints":{"allow":["GET"]}}],"collection":[{"href":"https:\/\/www.immobiliere-thapsus.com\/index.php\/wp-json\/wp\/v2\/pages"}],"about":[{"href":"https:\/\/www.immobiliere-thapsus.com\/index.php\/wp-json\/wp\/v2\/types\/page"}],"author":[{"embeddable":true,"href":"https:\/\/www.immobiliere-thapsus.com\/index.php\/wp-json\/wp\/v2\/users\/1"}],"replies":[{"embeddable":true,"href":"https:\/\/www.immobiliere-thapsus.com\/index.php\/wp-json\/wp\/v2\/comments?post=1299"}],"version-history":[{"count":29,"href":"https:\/\/www.immobiliere-thapsus.com\/index.php\/wp-json\/wp\/v2\/pages\/1299\/revisions"}],"predecessor-version":[{"id":2425,"href":"https:\/\/www.immobiliere-thapsus.com\/index.php\/wp-json\/wp\/v2\/pages\/1299\/revisions\/2425"}],"wp:attachment":[{"href":"https:\/\/www.immobiliere-thapsus.com\/index.php\/wp-json\/wp\/v2\/media?parent=1299"}],"curies":[{"name":"wp","href":"https:\/\/api.w.org\/{rel}","templated":true}]}}