{"id":2286,"date":"2025-05-12T06:04:16","date_gmt":"2025-05-12T04:04:16","guid":{"rendered":"https:\/\/www.immobiliere-thapsus.com\/?page_id=2286"},"modified":"2025-05-12T06:22:10","modified_gmt":"2025-05-12T04:22:10","slug":"residence-la-brise","status":"publish","type":"page","link":"https:\/\/www.immobiliere-thapsus.com\/index.php\/residence-la-brise\/","title":{"rendered":"R\u00e9sidence La Brise"},"content":{"rendered":"\t\t<div data-elementor-type=\"wp-page\" data-elementor-id=\"2286\" class=\"elementor elementor-2286\">\n\t\t\t\t\t\t<section class=\"elementor-section elementor-top-section elementor-element elementor-element-1437574 elementor-section-boxed elementor-section-height-default elementor-section-height-default\" data-id=\"1437574\" data-element_type=\"section\">\n\t\t\t\t\t\t<div class=\"elementor-container elementor-column-gap-default\">\n\t\t\t\t\t<div class=\"elementor-column elementor-col-100 elementor-top-column elementor-element elementor-element-56781ac\" data-id=\"56781ac\" data-element_type=\"column\">\n\t\t\t<div class=\"elementor-widget-wrap elementor-element-populated\">\n\t\t\t\t\t\t<div class=\"elementor-element elementor-element-0c33a00 elementor-widget elementor-widget-financier-heading\" data-id=\"0c33a00\" data-element_type=\"widget\" data-widget_type=\"financier-heading.default\">\n\t\t\t\t<div class=\"elementor-widget-container\">\n\t\t\t\t\t<div class=\"stronghold-heading\"><div class=\"heading-subtitle\"><span class=\"heading-subtitle-span heading-subtitle\">Riadh El Andalous<\/span><\/div><div class=\"heading-title\"><h3 class=\"heading-title-element\">R\u00e9sidence La Brise<\/h3><span class=\"heading-separator\"><\/span><\/div><\/div>\t\t\t\t<\/div>\n\t\t\t\t<\/div>\n\t\t\t\t<div class=\"elementor-element elementor-element-c64c28d elementor-widget elementor-widget-text-editor\" data-id=\"c64c28d\" data-element_type=\"widget\" data-widget_type=\"text-editor.default\">\n\t\t\t\t<div class=\"elementor-widget-container\">\n\t\t\t\t\t\t\t\t\t<p>La R\u00e9sidence Brise est un ensemble bureautique et commercial sis \u00e0 Riadh el andalous dans la zone de cite El ghazala.<\/p><p>Cet ensemble bureautique et commercial \u00ab LA BRISE \u00bb est un complexe commercial d\u2019affaire de haut standing et b\u00e9n\u00e9ficie d\u2019un emplacement id\u00e9al et d\u2019une architecture moderne a \u00e9t\u00e9 con\u00e7u sur un terrain de superficie de 1070m\u00b2. Il est compos\u00e9 d\u2019un sous sol g\u00e9n\u00e9ralis\u00e9 pour accueillir 10 places de parking et quelques celliers un rez de chauss\u00e9e, une mezzanine \u00e0 usage commercial (espace commercial) et quatre \u00e9tages \u00e0 usage de bureau dont l\u2019am\u00e9nagement et les superficies sont con\u00e7us de mani\u00e8re \u00e0 r\u00e9pondre aux besoins des clients.<\/p><p>Toutes les commodit\u00e9s sont \u00e0 proximit\u00e9, centres commerciales (grand carrefour market route de Bizerte), lieux de loisirs et d\u2019activit\u00e9s, zone culturelle, transport, Ecole(odyss\u00e9e), centre m\u00e9dicale la gazelle.<\/p>\t\t\t\t\t\t\t\t<\/div>\n\t\t\t\t<\/div>\n\t\t\t\t<div class=\"elementor-element elementor-element-5736c9d elementor-widget elementor-widget-video\" data-id=\"5736c9d\" data-element_type=\"widget\" data-settings=\"{&quot;youtube_url&quot;:&quot;https:\\\/\\\/www.youtube.com\\\/watch?v=TaFXlvo8PcE&quot;,&quot;video_type&quot;:&quot;youtube&quot;,&quot;controls&quot;:&quot;yes&quot;}\" data-widget_type=\"video.default\">\n\t\t\t\t<div class=\"elementor-widget-container\">\n\t\t\t\t\t\t\t<div class=\"elementor-wrapper elementor-open-inline\">\n\t\t\t<div class=\"elementor-video\"><\/div>\t\t<\/div>\n\t\t\t\t\t\t<\/div>\n\t\t\t\t<\/div>\n\t\t\t\t\t<\/div>\n\t\t<\/div>\n\t\t\t\t\t<\/div>\n\t\t<\/section>\n\t\t\t\t<section class=\"elementor-section elementor-top-section elementor-element elementor-element-2f585db elementor-section-boxed elementor-section-height-default elementor-section-height-default\" data-id=\"2f585db\" data-element_type=\"section\" data-settings=\"{&quot;background_background&quot;:&quot;classic&quot;}\">\n\t\t\t\t\t\t<div class=\"elementor-container elementor-column-gap-default\">\n\t\t\t\t\t<div class=\"elementor-column elementor-col-50 elementor-top-column elementor-element elementor-element-9178107\" data-id=\"9178107\" data-element_type=\"column\">\n\t\t\t<div class=\"elementor-widget-wrap elementor-element-populated\">\n\t\t\t\t\t\t<div class=\"elementor-element elementor-element-af3d9c0 elementor-widget elementor-widget-financier-heading\" data-id=\"af3d9c0\" data-element_type=\"widget\" data-widget_type=\"financier-heading.default\">\n\t\t\t\t<div class=\"elementor-widget-container\">\n\t\t\t\t\t<div class=\"stronghold-heading\"><div class=\"heading-title\"><h3 class=\"heading-title-element\">Galerie Photos<\/h3><span class=\"heading-separator\"><\/span><\/div><\/div>\t\t\t\t<\/div>\n\t\t\t\t<\/div>\n\t\t\t\t<div class=\"elementor-element elementor-element-90c1fd8 elementor-widget elementor-widget-image\" data-id=\"90c1fd8\" data-element_type=\"widget\" data-widget_type=\"image.default\">\n\t\t\t\t<div class=\"elementor-widget-container\">\n\t\t\t\t\t\t\t\t\t\t\t\t\t\t\t\t<a href=\"https:\/\/www.immobiliere-thapsus.com\/wp-content\/uploads\/2025\/05\/banner-brise-1.jpg\" data-elementor-open-lightbox=\"yes\" data-elementor-lightbox-title=\"banner-brise\" data-e-action-hash=\"#elementor-action%3Aaction%3Dlightbox%26settings%3DeyJpZCI6MjI4OSwidXJsIjoiaHR0cHM6XC9cL3d3dy5pbW1vYmlsaWVyZS10aGFwc3VzLmNvbVwvd3AtY29udGVudFwvdXBsb2Fkc1wvMjAyNVwvMDVcL2Jhbm5lci1icmlzZS0xLmpwZyJ9\">\n\t\t\t\t\t\t\t<img fetchpriority=\"high\" decoding=\"async\" width=\"1153\" height=\"879\" src=\"https:\/\/www.immobiliere-thapsus.com\/wp-content\/uploads\/2025\/05\/banner-brise-1.jpg\" class=\"attachment-full size-full wp-image-2289\" alt=\"\" srcset=\"https:\/\/www.immobiliere-thapsus.com\/wp-content\/uploads\/2025\/05\/banner-brise-1.jpg 1153w, https:\/\/www.immobiliere-thapsus.com\/wp-content\/uploads\/2025\/05\/banner-brise-1-300x229.jpg 300w, https:\/\/www.immobiliere-thapsus.com\/wp-content\/uploads\/2025\/05\/banner-brise-1-1024x781.jpg 1024w, https:\/\/www.immobiliere-thapsus.com\/wp-content\/uploads\/2025\/05\/banner-brise-1-768x585.jpg 768w\" sizes=\"(max-width: 1153px) 100vw, 1153px\" \/>\t\t\t\t\t\t\t\t<\/a>\n\t\t\t\t\t\t\t\t\t\t\t\t\t\t\t<\/div>\n\t\t\t\t<\/div>\n\t\t\t\t\t<\/div>\n\t\t<\/div>\n\t\t\t\t<div class=\"elementor-column elementor-col-50 elementor-top-column elementor-element elementor-element-b26b3e8\" data-id=\"b26b3e8\" data-element_type=\"column\">\n\t\t\t<div class=\"elementor-widget-wrap elementor-element-populated\">\n\t\t\t\t\t\t<div class=\"elementor-element elementor-element-80d2c55 elementor-widget elementor-widget-financier-heading\" data-id=\"80d2c55\" data-element_type=\"widget\" data-widget_type=\"financier-heading.default\">\n\t\t\t\t<div class=\"elementor-widget-container\">\n\t\t\t\t\t<div class=\"stronghold-heading\"><div class=\"heading-title\"><h3 class=\"heading-title-element\">Situation &amp; Acc\u00e8s<\/h3><span class=\"heading-separator\"><\/span><\/div><\/div>\t\t\t\t<\/div>\n\t\t\t\t<\/div>\n\t\t\t\t<div class=\"elementor-element elementor-element-eac9fa5 elementor-widget elementor-widget-html\" data-id=\"eac9fa5\" data-element_type=\"widget\" data-widget_type=\"html.default\">\n\t\t\t\t<div class=\"elementor-widget-container\">\n\t\t\t\t\t<iframe src=\"https:\/\/www.google.com\/maps\/embed?pb=!1m17!1m12!1m3!1d3190.024201242554!2d10.176837516478509!3d36.8797216712259!2m3!1f0!2f0!3f0!3m2!1i1024!2i768!4f13.1!3m2!1m1!2zMzbCsDUyJzQ3LjkiTiAxMMKwMTAnNDMuOSJF!5e0!3m2!1sfr!2stn!4v1747023054597!5m2!1sfr!2stn\" width=\"100%\" height=\"400\" style=\"border:0;\" allowfullscreen=\"\" loading=\"lazy\" referrerpolicy=\"no-referrer-when-downgrade\"><\/iframe>\t\t\t\t<\/div>\n\t\t\t\t<\/div>\n\t\t\t\t\t<\/div>\n\t\t<\/div>\n\t\t\t\t\t<\/div>\n\t\t<\/section>\n\t\t\t\t<\/div>\n\t\t","protected":false},"excerpt":{"rendered":"<p>Riadh El Andalous R\u00e9sidence La Brise La R\u00e9sidence Brise est un ensemble bureautique et commercial sis \u00e0 Riadh el andalous dans la zone de cite El ghazala. Cet ensemble bureautique et commercial \u00ab LA BRISE \u00bb est un complexe commercial d\u2019affaire de haut standing et b\u00e9n\u00e9ficie d\u2019un emplacement id\u00e9al et d\u2019une architecture moderne a \u00e9t\u00e9 [&hellip;]<\/p>\n","protected":false},"author":1,"featured_media":0,"parent":0,"menu_order":0,"comment_status":"closed","ping_status":"closed","template":"","meta":{"footnotes":""},"class_list":["post-2286","page","type-page","status-publish","hentry"],"_links":{"self":[{"href":"https:\/\/www.immobiliere-thapsus.com\/index.php\/wp-json\/wp\/v2\/pages\/2286","targetHints":{"allow":["GET"]}}],"collection":[{"href":"https:\/\/www.immobiliere-thapsus.com\/index.php\/wp-json\/wp\/v2\/pages"}],"about":[{"href":"https:\/\/www.immobiliere-thapsus.com\/index.php\/wp-json\/wp\/v2\/types\/page"}],"author":[{"embeddable":true,"href":"https:\/\/www.immobiliere-thapsus.com\/index.php\/wp-json\/wp\/v2\/users\/1"}],"replies":[{"embeddable":true,"href":"https:\/\/www.immobiliere-thapsus.com\/index.php\/wp-json\/wp\/v2\/comments?post=2286"}],"version-history":[{"count":7,"href":"https:\/\/www.immobiliere-thapsus.com\/index.php\/wp-json\/wp\/v2\/pages\/2286\/revisions"}],"predecessor-version":[{"id":2324,"href":"https:\/\/www.immobiliere-thapsus.com\/index.php\/wp-json\/wp\/v2\/pages\/2286\/revisions\/2324"}],"wp:attachment":[{"href":"https:\/\/www.immobiliere-thapsus.com\/index.php\/wp-json\/wp\/v2\/media?parent=2286"}],"curies":[{"name":"wp","href":"https:\/\/api.w.org\/{rel}","templated":true}]}}