{"id":2293,"date":"2025-05-12T06:14:39","date_gmt":"2025-05-12T04:14:39","guid":{"rendered":"https:\/\/www.immobiliere-thapsus.com\/?page_id=2293"},"modified":"2025-05-12T06:21:38","modified_gmt":"2025-05-12T04:21:38","slug":"residence-donia","status":"publish","type":"page","link":"https:\/\/www.immobiliere-thapsus.com\/index.php\/residence-donia\/","title":{"rendered":"R\u00e9sidence Donia"},"content":{"rendered":"\t\t<div data-elementor-type=\"wp-page\" data-elementor-id=\"2293\" class=\"elementor elementor-2293\">\n\t\t\t\t\t\t<section class=\"elementor-section elementor-top-section elementor-element elementor-element-1437574 elementor-section-boxed elementor-section-height-default elementor-section-height-default\" data-id=\"1437574\" data-element_type=\"section\">\n\t\t\t\t\t\t<div class=\"elementor-container elementor-column-gap-default\">\n\t\t\t\t\t<div class=\"elementor-column elementor-col-100 elementor-top-column elementor-element elementor-element-56781ac\" data-id=\"56781ac\" data-element_type=\"column\">\n\t\t\t<div class=\"elementor-widget-wrap elementor-element-populated\">\n\t\t\t\t\t\t<div class=\"elementor-element elementor-element-0c33a00 elementor-widget elementor-widget-financier-heading\" data-id=\"0c33a00\" data-element_type=\"widget\" data-widget_type=\"financier-heading.default\">\n\t\t\t\t<div class=\"elementor-widget-container\">\n\t\t\t\t\t<div class=\"stronghold-heading\"><div class=\"heading-subtitle\"><span class=\"heading-subtitle-span heading-subtitle\">Cit\u00e9 El Ghazela<\/span><\/div><div class=\"heading-title\"><h3 class=\"heading-title-element\">R\u00e9sidence Donia<\/h3><span class=\"heading-separator\"><\/span><\/div><\/div>\t\t\t\t<\/div>\n\t\t\t\t<\/div>\n\t\t\t\t<div class=\"elementor-element elementor-element-c64c28d elementor-widget elementor-widget-text-editor\" data-id=\"c64c28d\" data-element_type=\"widget\" data-widget_type=\"text-editor.default\">\n\t\t\t\t<div class=\"elementor-widget-container\">\n\t\t\t\t\t\t\t\t\t<p>La R\u00e9sidence DONIA est un ensemble r\u00e9sidentiel et commercial de standing sis \u00e0 Ennkhilete El Ghazala.<\/p><p>C\u2019est immeuble r\u00e9parti en deux blocs. BLOC A en R+6 et Bloc B en R+5 il est compos\u00e9 e 36 appartement vari\u00e9s en s+1, s+2, s+3 et s+4 et le r\u00e9ez de chauss\u00e9e est am\u00e9nag\u00e9 en espaces commerciaux .notre projet est r\u00e9alis\u00e9 sous l\u2019\u00e9gide d\u2019un \u00e9quipe d\u2019architecture, ing\u00e9nieur, bureau de contr\u00f4le de pilotage de la plus haute qualification. La r\u00e9sidence Donia B\u00e9n\u00e9fice d\u2019un emplacement id\u00e9al ou tout a \u00e9t\u00e9 con\u00e7u dans les moindres d\u00e9tails avec un agencement int\u00e9rieur optimis\u00e9 afin de vous assurer le confort et la tranquillit\u00e9, la s\u00e9curit\u00e9 et le bien \u00eatre.<\/p>\t\t\t\t\t\t\t\t<\/div>\n\t\t\t\t<\/div>\n\t\t\t\t<div class=\"elementor-element elementor-element-40cfc59 elementor-widget elementor-widget-html\" data-id=\"40cfc59\" data-element_type=\"widget\" data-widget_type=\"html.default\">\n\t\t\t\t<div class=\"elementor-widget-container\">\n\t\t\t\t\t<iframe src=\"https:\/\/immobiliere-thapsus.com\/vr\/\" width=\"100%\" height=\"400\" style=\"border:0;\" allowfullscreen=\"yes\"><\/iframe>\t\t\t\t<\/div>\n\t\t\t\t<\/div>\n\t\t\t\t\t<\/div>\n\t\t<\/div>\n\t\t\t\t\t<\/div>\n\t\t<\/section>\n\t\t\t\t<section class=\"elementor-section elementor-top-section elementor-element elementor-element-2f585db elementor-section-boxed elementor-section-height-default elementor-section-height-default\" data-id=\"2f585db\" data-element_type=\"section\" data-settings=\"{&quot;background_background&quot;:&quot;classic&quot;}\">\n\t\t\t\t\t\t<div class=\"elementor-container elementor-column-gap-default\">\n\t\t\t\t\t<div class=\"elementor-column elementor-col-50 elementor-top-column elementor-element elementor-element-9178107\" data-id=\"9178107\" data-element_type=\"column\">\n\t\t\t<div class=\"elementor-widget-wrap elementor-element-populated\">\n\t\t\t\t\t\t<div class=\"elementor-element elementor-element-af3d9c0 elementor-widget elementor-widget-financier-heading\" data-id=\"af3d9c0\" data-element_type=\"widget\" data-widget_type=\"financier-heading.default\">\n\t\t\t\t<div class=\"elementor-widget-container\">\n\t\t\t\t\t<div class=\"stronghold-heading\"><div class=\"heading-title\"><h3 class=\"heading-title-element\">Galerie Photos<\/h3><span class=\"heading-separator\"><\/span><\/div><\/div>\t\t\t\t<\/div>\n\t\t\t\t<\/div>\n\t\t\t\t<div class=\"elementor-element elementor-element-c6b049a elementor-arrows-position-inside elementor-pagination-position-outside elementor-widget elementor-widget-image-carousel\" data-id=\"c6b049a\" data-element_type=\"widget\" data-settings=\"{&quot;slides_to_show&quot;:&quot;1&quot;,&quot;navigation&quot;:&quot;both&quot;,&quot;autoplay&quot;:&quot;yes&quot;,&quot;pause_on_hover&quot;:&quot;yes&quot;,&quot;pause_on_interaction&quot;:&quot;yes&quot;,&quot;autoplay_speed&quot;:5000,&quot;infinite&quot;:&quot;yes&quot;,&quot;effect&quot;:&quot;slide&quot;,&quot;speed&quot;:500}\" data-widget_type=\"image-carousel.default\">\n\t\t\t\t<div class=\"elementor-widget-container\">\n\t\t\t\t\t\t\t<div class=\"elementor-image-carousel-wrapper swiper\" role=\"region\" aria-roledescription=\"carousel\" aria-label=\"Carrousel d\u2019images\" dir=\"ltr\">\n\t\t\t<div class=\"elementor-image-carousel swiper-wrapper\" aria-live=\"off\">\n\t\t\t\t\t\t\t\t<div class=\"swiper-slide\" role=\"group\" aria-roledescription=\"slide\" aria-label=\"1 sur 20\"><a data-elementor-open-lightbox=\"yes\" data-elementor-lightbox-slideshow=\"c6b049a\" data-elementor-lightbox-title=\"1\" data-e-action-hash=\"#elementor-action%3Aaction%3Dlightbox%26settings%3DeyJpZCI6MjI5NSwidXJsIjoiaHR0cHM6XC9cL3d3dy5pbW1vYmlsaWVyZS10aGFwc3VzLmNvbVwvd3AtY29udGVudFwvdXBsb2Fkc1wvMjAyNVwvMDVcLzEtMS5qcGciLCJzbGlkZXNob3ciOiJjNmIwNDlhIn0%3D\" href=\"https:\/\/www.immobiliere-thapsus.com\/wp-content\/uploads\/2025\/05\/1-1.jpg\"><figure class=\"swiper-slide-inner\"><img decoding=\"async\" class=\"swiper-slide-image\" src=\"https:\/\/www.immobiliere-thapsus.com\/wp-content\/uploads\/2025\/05\/1-1.jpg\" alt=\"1\" \/><\/figure><\/a><\/div><div class=\"swiper-slide\" role=\"group\" aria-roledescription=\"slide\" aria-label=\"2 sur 20\"><a data-elementor-open-lightbox=\"yes\" data-elementor-lightbox-slideshow=\"c6b049a\" data-elementor-lightbox-title=\"2\" data-e-action-hash=\"#elementor-action%3Aaction%3Dlightbox%26settings%3DeyJpZCI6MjI5NiwidXJsIjoiaHR0cHM6XC9cL3d3dy5pbW1vYmlsaWVyZS10aGFwc3VzLmNvbVwvd3AtY29udGVudFwvdXBsb2Fkc1wvMjAyNVwvMDVcLzIuanBnIiwic2xpZGVzaG93IjoiYzZiMDQ5YSJ9\" href=\"https:\/\/www.immobiliere-thapsus.com\/wp-content\/uploads\/2025\/05\/2.jpg\"><figure class=\"swiper-slide-inner\"><img decoding=\"async\" class=\"swiper-slide-image\" src=\"https:\/\/www.immobiliere-thapsus.com\/wp-content\/uploads\/2025\/05\/2.jpg\" alt=\"2\" \/><\/figure><\/a><\/div><div class=\"swiper-slide\" role=\"group\" aria-roledescription=\"slide\" aria-label=\"3 sur 20\"><a data-elementor-open-lightbox=\"yes\" data-elementor-lightbox-slideshow=\"c6b049a\" data-elementor-lightbox-title=\"3\" data-e-action-hash=\"#elementor-action%3Aaction%3Dlightbox%26settings%3DeyJpZCI6MjI5NywidXJsIjoiaHR0cHM6XC9cL3d3dy5pbW1vYmlsaWVyZS10aGFwc3VzLmNvbVwvd3AtY29udGVudFwvdXBsb2Fkc1wvMjAyNVwvMDVcLzMuanBnIiwic2xpZGVzaG93IjoiYzZiMDQ5YSJ9\" href=\"https:\/\/www.immobiliere-thapsus.com\/wp-content\/uploads\/2025\/05\/3.jpg\"><figure class=\"swiper-slide-inner\"><img decoding=\"async\" class=\"swiper-slide-image\" src=\"https:\/\/www.immobiliere-thapsus.com\/wp-content\/uploads\/2025\/05\/3.jpg\" alt=\"3\" \/><\/figure><\/a><\/div><div class=\"swiper-slide\" role=\"group\" aria-roledescription=\"slide\" aria-label=\"4 sur 20\"><a data-elementor-open-lightbox=\"yes\" data-elementor-lightbox-slideshow=\"c6b049a\" data-elementor-lightbox-title=\"4\" data-e-action-hash=\"#elementor-action%3Aaction%3Dlightbox%26settings%3DeyJpZCI6MjI5OCwidXJsIjoiaHR0cHM6XC9cL3d3dy5pbW1vYmlsaWVyZS10aGFwc3VzLmNvbVwvd3AtY29udGVudFwvdXBsb2Fkc1wvMjAyNVwvMDVcLzQuanBnIiwic2xpZGVzaG93IjoiYzZiMDQ5YSJ9\" href=\"https:\/\/www.immobiliere-thapsus.com\/wp-content\/uploads\/2025\/05\/4.jpg\"><figure class=\"swiper-slide-inner\"><img decoding=\"async\" class=\"swiper-slide-image\" src=\"https:\/\/www.immobiliere-thapsus.com\/wp-content\/uploads\/2025\/05\/4.jpg\" alt=\"4\" \/><\/figure><\/a><\/div><div class=\"swiper-slide\" role=\"group\" aria-roledescription=\"slide\" aria-label=\"5 sur 20\"><a data-elementor-open-lightbox=\"yes\" data-elementor-lightbox-slideshow=\"c6b049a\" data-elementor-lightbox-title=\"5\" data-e-action-hash=\"#elementor-action%3Aaction%3Dlightbox%26settings%3DeyJpZCI6MjI5OSwidXJsIjoiaHR0cHM6XC9cL3d3dy5pbW1vYmlsaWVyZS10aGFwc3VzLmNvbVwvd3AtY29udGVudFwvdXBsb2Fkc1wvMjAyNVwvMDVcLzUuanBnIiwic2xpZGVzaG93IjoiYzZiMDQ5YSJ9\" href=\"https:\/\/www.immobiliere-thapsus.com\/wp-content\/uploads\/2025\/05\/5.jpg\"><figure class=\"swiper-slide-inner\"><img decoding=\"async\" class=\"swiper-slide-image\" src=\"https:\/\/www.immobiliere-thapsus.com\/wp-content\/uploads\/2025\/05\/5.jpg\" alt=\"5\" \/><\/figure><\/a><\/div><div class=\"swiper-slide\" role=\"group\" aria-roledescription=\"slide\" aria-label=\"6 sur 20\"><a data-elementor-open-lightbox=\"yes\" data-elementor-lightbox-slideshow=\"c6b049a\" data-elementor-lightbox-title=\"6\" data-e-action-hash=\"#elementor-action%3Aaction%3Dlightbox%26settings%3DeyJpZCI6MjMwMCwidXJsIjoiaHR0cHM6XC9cL3d3dy5pbW1vYmlsaWVyZS10aGFwc3VzLmNvbVwvd3AtY29udGVudFwvdXBsb2Fkc1wvMjAyNVwvMDVcLzYuanBnIiwic2xpZGVzaG93IjoiYzZiMDQ5YSJ9\" href=\"https:\/\/www.immobiliere-thapsus.com\/wp-content\/uploads\/2025\/05\/6.jpg\"><figure class=\"swiper-slide-inner\"><img decoding=\"async\" class=\"swiper-slide-image\" src=\"https:\/\/www.immobiliere-thapsus.com\/wp-content\/uploads\/2025\/05\/6.jpg\" alt=\"6\" \/><\/figure><\/a><\/div><div class=\"swiper-slide\" role=\"group\" aria-roledescription=\"slide\" aria-label=\"7 sur 20\"><a data-elementor-open-lightbox=\"yes\" data-elementor-lightbox-slideshow=\"c6b049a\" data-elementor-lightbox-title=\"7\" data-e-action-hash=\"#elementor-action%3Aaction%3Dlightbox%26settings%3DeyJpZCI6MjMwMSwidXJsIjoiaHR0cHM6XC9cL3d3dy5pbW1vYmlsaWVyZS10aGFwc3VzLmNvbVwvd3AtY29udGVudFwvdXBsb2Fkc1wvMjAyNVwvMDVcLzcuanBnIiwic2xpZGVzaG93IjoiYzZiMDQ5YSJ9\" href=\"https:\/\/www.immobiliere-thapsus.com\/wp-content\/uploads\/2025\/05\/7.jpg\"><figure class=\"swiper-slide-inner\"><img decoding=\"async\" class=\"swiper-slide-image\" src=\"https:\/\/www.immobiliere-thapsus.com\/wp-content\/uploads\/2025\/05\/7.jpg\" alt=\"7\" \/><\/figure><\/a><\/div><div class=\"swiper-slide\" role=\"group\" aria-roledescription=\"slide\" aria-label=\"8 sur 20\"><a data-elementor-open-lightbox=\"yes\" data-elementor-lightbox-slideshow=\"c6b049a\" data-elementor-lightbox-title=\"8\" data-e-action-hash=\"#elementor-action%3Aaction%3Dlightbox%26settings%3DeyJpZCI6MjMwMiwidXJsIjoiaHR0cHM6XC9cL3d3dy5pbW1vYmlsaWVyZS10aGFwc3VzLmNvbVwvd3AtY29udGVudFwvdXBsb2Fkc1wvMjAyNVwvMDVcLzguanBnIiwic2xpZGVzaG93IjoiYzZiMDQ5YSJ9\" href=\"https:\/\/www.immobiliere-thapsus.com\/wp-content\/uploads\/2025\/05\/8.jpg\"><figure class=\"swiper-slide-inner\"><img decoding=\"async\" class=\"swiper-slide-image\" src=\"https:\/\/www.immobiliere-thapsus.com\/wp-content\/uploads\/2025\/05\/8.jpg\" alt=\"8\" \/><\/figure><\/a><\/div><div class=\"swiper-slide\" role=\"group\" aria-roledescription=\"slide\" aria-label=\"9 sur 20\"><a data-elementor-open-lightbox=\"yes\" data-elementor-lightbox-slideshow=\"c6b049a\" data-elementor-lightbox-title=\"9\" data-e-action-hash=\"#elementor-action%3Aaction%3Dlightbox%26settings%3DeyJpZCI6MjMwMywidXJsIjoiaHR0cHM6XC9cL3d3dy5pbW1vYmlsaWVyZS10aGFwc3VzLmNvbVwvd3AtY29udGVudFwvdXBsb2Fkc1wvMjAyNVwvMDVcLzkuanBnIiwic2xpZGVzaG93IjoiYzZiMDQ5YSJ9\" href=\"https:\/\/www.immobiliere-thapsus.com\/wp-content\/uploads\/2025\/05\/9.jpg\"><figure class=\"swiper-slide-inner\"><img decoding=\"async\" class=\"swiper-slide-image\" src=\"https:\/\/www.immobiliere-thapsus.com\/wp-content\/uploads\/2025\/05\/9.jpg\" alt=\"9\" \/><\/figure><\/a><\/div><div class=\"swiper-slide\" role=\"group\" aria-roledescription=\"slide\" aria-label=\"10 sur 20\"><a data-elementor-open-lightbox=\"yes\" data-elementor-lightbox-slideshow=\"c6b049a\" data-elementor-lightbox-title=\"10\" data-e-action-hash=\"#elementor-action%3Aaction%3Dlightbox%26settings%3DeyJpZCI6MjMwNCwidXJsIjoiaHR0cHM6XC9cL3d3dy5pbW1vYmlsaWVyZS10aGFwc3VzLmNvbVwvd3AtY29udGVudFwvdXBsb2Fkc1wvMjAyNVwvMDVcLzEwLmpwZyIsInNsaWRlc2hvdyI6ImM2YjA0OWEifQ%3D%3D\" href=\"https:\/\/www.immobiliere-thapsus.com\/wp-content\/uploads\/2025\/05\/10.jpg\"><figure class=\"swiper-slide-inner\"><img decoding=\"async\" class=\"swiper-slide-image\" src=\"https:\/\/www.immobiliere-thapsus.com\/wp-content\/uploads\/2025\/05\/10.jpg\" alt=\"10\" \/><\/figure><\/a><\/div><div class=\"swiper-slide\" role=\"group\" aria-roledescription=\"slide\" aria-label=\"11 sur 20\"><a data-elementor-open-lightbox=\"yes\" data-elementor-lightbox-slideshow=\"c6b049a\" data-elementor-lightbox-title=\"11\" data-e-action-hash=\"#elementor-action%3Aaction%3Dlightbox%26settings%3DeyJpZCI6MjMwNSwidXJsIjoiaHR0cHM6XC9cL3d3dy5pbW1vYmlsaWVyZS10aGFwc3VzLmNvbVwvd3AtY29udGVudFwvdXBsb2Fkc1wvMjAyNVwvMDVcLzExLmpwZyIsInNsaWRlc2hvdyI6ImM2YjA0OWEifQ%3D%3D\" href=\"https:\/\/www.immobiliere-thapsus.com\/wp-content\/uploads\/2025\/05\/11.jpg\"><figure class=\"swiper-slide-inner\"><img decoding=\"async\" class=\"swiper-slide-image\" src=\"https:\/\/www.immobiliere-thapsus.com\/wp-content\/uploads\/2025\/05\/11.jpg\" alt=\"11\" \/><\/figure><\/a><\/div><div class=\"swiper-slide\" role=\"group\" aria-roledescription=\"slide\" aria-label=\"12 sur 20\"><a data-elementor-open-lightbox=\"yes\" data-elementor-lightbox-slideshow=\"c6b049a\" data-elementor-lightbox-title=\"12\" data-e-action-hash=\"#elementor-action%3Aaction%3Dlightbox%26settings%3DeyJpZCI6MjMwNiwidXJsIjoiaHR0cHM6XC9cL3d3dy5pbW1vYmlsaWVyZS10aGFwc3VzLmNvbVwvd3AtY29udGVudFwvdXBsb2Fkc1wvMjAyNVwvMDVcLzEyLmpwZyIsInNsaWRlc2hvdyI6ImM2YjA0OWEifQ%3D%3D\" href=\"https:\/\/www.immobiliere-thapsus.com\/wp-content\/uploads\/2025\/05\/12.jpg\"><figure class=\"swiper-slide-inner\"><img decoding=\"async\" class=\"swiper-slide-image\" src=\"https:\/\/www.immobiliere-thapsus.com\/wp-content\/uploads\/2025\/05\/12.jpg\" alt=\"12\" \/><\/figure><\/a><\/div><div class=\"swiper-slide\" role=\"group\" aria-roledescription=\"slide\" aria-label=\"13 sur 20\"><a data-elementor-open-lightbox=\"yes\" data-elementor-lightbox-slideshow=\"c6b049a\" data-elementor-lightbox-title=\"13\" data-e-action-hash=\"#elementor-action%3Aaction%3Dlightbox%26settings%3DeyJpZCI6MjMwNywidXJsIjoiaHR0cHM6XC9cL3d3dy5pbW1vYmlsaWVyZS10aGFwc3VzLmNvbVwvd3AtY29udGVudFwvdXBsb2Fkc1wvMjAyNVwvMDVcLzEzLmpwZyIsInNsaWRlc2hvdyI6ImM2YjA0OWEifQ%3D%3D\" href=\"https:\/\/www.immobiliere-thapsus.com\/wp-content\/uploads\/2025\/05\/13.jpg\"><figure class=\"swiper-slide-inner\"><img decoding=\"async\" class=\"swiper-slide-image\" src=\"https:\/\/www.immobiliere-thapsus.com\/wp-content\/uploads\/2025\/05\/13.jpg\" alt=\"13\" \/><\/figure><\/a><\/div><div class=\"swiper-slide\" role=\"group\" aria-roledescription=\"slide\" aria-label=\"14 sur 20\"><a data-elementor-open-lightbox=\"yes\" data-elementor-lightbox-slideshow=\"c6b049a\" data-elementor-lightbox-title=\"14\" data-e-action-hash=\"#elementor-action%3Aaction%3Dlightbox%26settings%3DeyJpZCI6MjMwOCwidXJsIjoiaHR0cHM6XC9cL3d3dy5pbW1vYmlsaWVyZS10aGFwc3VzLmNvbVwvd3AtY29udGVudFwvdXBsb2Fkc1wvMjAyNVwvMDVcLzE0LmpwZyIsInNsaWRlc2hvdyI6ImM2YjA0OWEifQ%3D%3D\" href=\"https:\/\/www.immobiliere-thapsus.com\/wp-content\/uploads\/2025\/05\/14.jpg\"><figure class=\"swiper-slide-inner\"><img decoding=\"async\" class=\"swiper-slide-image\" src=\"https:\/\/www.immobiliere-thapsus.com\/wp-content\/uploads\/2025\/05\/14.jpg\" alt=\"14\" \/><\/figure><\/a><\/div><div class=\"swiper-slide\" role=\"group\" aria-roledescription=\"slide\" aria-label=\"15 sur 20\"><a data-elementor-open-lightbox=\"yes\" data-elementor-lightbox-slideshow=\"c6b049a\" data-elementor-lightbox-title=\"15\" data-e-action-hash=\"#elementor-action%3Aaction%3Dlightbox%26settings%3DeyJpZCI6MjMwOSwidXJsIjoiaHR0cHM6XC9cL3d3dy5pbW1vYmlsaWVyZS10aGFwc3VzLmNvbVwvd3AtY29udGVudFwvdXBsb2Fkc1wvMjAyNVwvMDVcLzE1LmpwZyIsInNsaWRlc2hvdyI6ImM2YjA0OWEifQ%3D%3D\" href=\"https:\/\/www.immobiliere-thapsus.com\/wp-content\/uploads\/2025\/05\/15.jpg\"><figure class=\"swiper-slide-inner\"><img decoding=\"async\" class=\"swiper-slide-image\" src=\"https:\/\/www.immobiliere-thapsus.com\/wp-content\/uploads\/2025\/05\/15.jpg\" alt=\"15\" \/><\/figure><\/a><\/div><div class=\"swiper-slide\" role=\"group\" aria-roledescription=\"slide\" aria-label=\"16 sur 20\"><a data-elementor-open-lightbox=\"yes\" data-elementor-lightbox-slideshow=\"c6b049a\" data-elementor-lightbox-title=\"16\" data-e-action-hash=\"#elementor-action%3Aaction%3Dlightbox%26settings%3DeyJpZCI6MjMxMCwidXJsIjoiaHR0cHM6XC9cL3d3dy5pbW1vYmlsaWVyZS10aGFwc3VzLmNvbVwvd3AtY29udGVudFwvdXBsb2Fkc1wvMjAyNVwvMDVcLzE2LmpwZyIsInNsaWRlc2hvdyI6ImM2YjA0OWEifQ%3D%3D\" href=\"https:\/\/www.immobiliere-thapsus.com\/wp-content\/uploads\/2025\/05\/16.jpg\"><figure class=\"swiper-slide-inner\"><img decoding=\"async\" class=\"swiper-slide-image\" src=\"https:\/\/www.immobiliere-thapsus.com\/wp-content\/uploads\/2025\/05\/16.jpg\" alt=\"16\" \/><\/figure><\/a><\/div><div class=\"swiper-slide\" role=\"group\" aria-roledescription=\"slide\" aria-label=\"17 sur 20\"><a data-elementor-open-lightbox=\"yes\" data-elementor-lightbox-slideshow=\"c6b049a\" data-elementor-lightbox-title=\"17\" data-e-action-hash=\"#elementor-action%3Aaction%3Dlightbox%26settings%3DeyJpZCI6MjMxMSwidXJsIjoiaHR0cHM6XC9cL3d3dy5pbW1vYmlsaWVyZS10aGFwc3VzLmNvbVwvd3AtY29udGVudFwvdXBsb2Fkc1wvMjAyNVwvMDVcLzE3LmpwZyIsInNsaWRlc2hvdyI6ImM2YjA0OWEifQ%3D%3D\" href=\"https:\/\/www.immobiliere-thapsus.com\/wp-content\/uploads\/2025\/05\/17.jpg\"><figure class=\"swiper-slide-inner\"><img decoding=\"async\" class=\"swiper-slide-image\" src=\"https:\/\/www.immobiliere-thapsus.com\/wp-content\/uploads\/2025\/05\/17.jpg\" alt=\"17\" \/><\/figure><\/a><\/div><div class=\"swiper-slide\" role=\"group\" aria-roledescription=\"slide\" aria-label=\"18 sur 20\"><a data-elementor-open-lightbox=\"yes\" data-elementor-lightbox-slideshow=\"c6b049a\" data-elementor-lightbox-title=\"18\" data-e-action-hash=\"#elementor-action%3Aaction%3Dlightbox%26settings%3DeyJpZCI6MjMxMiwidXJsIjoiaHR0cHM6XC9cL3d3dy5pbW1vYmlsaWVyZS10aGFwc3VzLmNvbVwvd3AtY29udGVudFwvdXBsb2Fkc1wvMjAyNVwvMDVcLzE4LmpwZyIsInNsaWRlc2hvdyI6ImM2YjA0OWEifQ%3D%3D\" href=\"https:\/\/www.immobiliere-thapsus.com\/wp-content\/uploads\/2025\/05\/18.jpg\"><figure class=\"swiper-slide-inner\"><img decoding=\"async\" class=\"swiper-slide-image\" src=\"https:\/\/www.immobiliere-thapsus.com\/wp-content\/uploads\/2025\/05\/18.jpg\" alt=\"18\" \/><\/figure><\/a><\/div><div class=\"swiper-slide\" role=\"group\" aria-roledescription=\"slide\" aria-label=\"19 sur 20\"><a data-elementor-open-lightbox=\"yes\" data-elementor-lightbox-slideshow=\"c6b049a\" data-elementor-lightbox-title=\"19\" data-e-action-hash=\"#elementor-action%3Aaction%3Dlightbox%26settings%3DeyJpZCI6MjMxMywidXJsIjoiaHR0cHM6XC9cL3d3dy5pbW1vYmlsaWVyZS10aGFwc3VzLmNvbVwvd3AtY29udGVudFwvdXBsb2Fkc1wvMjAyNVwvMDVcLzE5LmpwZyIsInNsaWRlc2hvdyI6ImM2YjA0OWEifQ%3D%3D\" href=\"https:\/\/www.immobiliere-thapsus.com\/wp-content\/uploads\/2025\/05\/19.jpg\"><figure class=\"swiper-slide-inner\"><img decoding=\"async\" class=\"swiper-slide-image\" src=\"https:\/\/www.immobiliere-thapsus.com\/wp-content\/uploads\/2025\/05\/19.jpg\" alt=\"19\" \/><\/figure><\/a><\/div><div class=\"swiper-slide\" role=\"group\" aria-roledescription=\"slide\" aria-label=\"20 sur 20\"><a data-elementor-open-lightbox=\"yes\" data-elementor-lightbox-slideshow=\"c6b049a\" data-elementor-lightbox-title=\"20\" data-e-action-hash=\"#elementor-action%3Aaction%3Dlightbox%26settings%3DeyJpZCI6MjMxNCwidXJsIjoiaHR0cHM6XC9cL3d3dy5pbW1vYmlsaWVyZS10aGFwc3VzLmNvbVwvd3AtY29udGVudFwvdXBsb2Fkc1wvMjAyNVwvMDVcLzIwLmpwZyIsInNsaWRlc2hvdyI6ImM2YjA0OWEifQ%3D%3D\" href=\"https:\/\/www.immobiliere-thapsus.com\/wp-content\/uploads\/2025\/05\/20.jpg\"><figure class=\"swiper-slide-inner\"><img decoding=\"async\" class=\"swiper-slide-image\" src=\"https:\/\/www.immobiliere-thapsus.com\/wp-content\/uploads\/2025\/05\/20.jpg\" alt=\"20\" \/><\/figure><\/a><\/div>\t\t\t<\/div>\n\t\t\t\t\t\t\t\t\t\t\t\t<div class=\"elementor-swiper-button elementor-swiper-button-prev\" role=\"button\" tabindex=\"0\">\n\t\t\t\t\t\t<svg aria-hidden=\"true\" class=\"e-font-icon-svg e-eicon-chevron-left\" viewBox=\"0 0 1000 1000\" xmlns=\"http:\/\/www.w3.org\/2000\/svg\"><path d=\"M646 125C629 125 613 133 604 142L308 442C296 454 292 471 292 487 292 504 296 521 308 533L604 854C617 867 629 875 646 875 663 875 679 871 692 858 704 846 713 829 713 812 713 796 708 779 692 767L438 487 692 225C700 217 708 204 708 187 708 171 704 154 692 142 675 129 663 125 646 125Z\"><\/path><\/svg>\t\t\t\t\t<\/div>\n\t\t\t\t\t<div class=\"elementor-swiper-button elementor-swiper-button-next\" role=\"button\" tabindex=\"0\">\n\t\t\t\t\t\t<svg aria-hidden=\"true\" class=\"e-font-icon-svg e-eicon-chevron-right\" viewBox=\"0 0 1000 1000\" xmlns=\"http:\/\/www.w3.org\/2000\/svg\"><path d=\"M696 533C708 521 713 504 713 487 713 471 708 454 696 446L400 146C388 133 375 125 354 125 338 125 325 129 313 142 300 154 292 171 292 187 292 204 296 221 308 233L563 492 304 771C292 783 288 800 288 817 288 833 296 850 308 863 321 871 338 875 354 875 371 875 388 867 400 854L696 533Z\"><\/path><\/svg>\t\t\t\t\t<\/div>\n\t\t\t\t\n\t\t\t\t\t\t\t\t\t<div class=\"swiper-pagination\"><\/div>\n\t\t\t\t\t\t\t\t\t<\/div>\n\t\t\t\t\t\t<\/div>\n\t\t\t\t<\/div>\n\t\t\t\t\t<\/div>\n\t\t<\/div>\n\t\t\t\t<div class=\"elementor-column elementor-col-50 elementor-top-column elementor-element elementor-element-b26b3e8\" data-id=\"b26b3e8\" data-element_type=\"column\">\n\t\t\t<div class=\"elementor-widget-wrap elementor-element-populated\">\n\t\t\t\t\t\t<div class=\"elementor-element elementor-element-80d2c55 elementor-widget elementor-widget-financier-heading\" data-id=\"80d2c55\" data-element_type=\"widget\" data-widget_type=\"financier-heading.default\">\n\t\t\t\t<div class=\"elementor-widget-container\">\n\t\t\t\t\t<div class=\"stronghold-heading\"><div class=\"heading-title\"><h3 class=\"heading-title-element\">Situation &amp; Acc\u00e8s<\/h3><span class=\"heading-separator\"><\/span><\/div><\/div>\t\t\t\t<\/div>\n\t\t\t\t<\/div>\n\t\t\t\t<div class=\"elementor-element elementor-element-eac9fa5 elementor-widget elementor-widget-html\" data-id=\"eac9fa5\" data-element_type=\"widget\" data-widget_type=\"html.default\">\n\t\t\t\t<div class=\"elementor-widget-container\">\n\t\t\t\t\t<iframe src=\"https:\/\/www.google.com\/maps\/embed?pb=!1m18!1m12!1m3!1d36103.311942657165!2d10.165085855753526!3d36.88766674126499!2m3!1f0!2f0!3f0!3m2!1i1024!2i768!4f13.1!3m3!1m2!1s0x0%3A0x0!2zMzbCsDUzJzAxLjQiTiAxMMKwMTEnMDEuNSJF!5e0!3m2!1sfr!2sus!4v1462809547361\" width=\"100%\" height=\"450\" frameborder=\"0\" style=\"border: 0px; pointer-events: none;\" allowfullscreen=\"\" data-ruffle-polyfilled=\"\"><\/iframe>\t\t\t\t<\/div>\n\t\t\t\t<\/div>\n\t\t\t\t\t<\/div>\n\t\t<\/div>\n\t\t\t\t\t<\/div>\n\t\t<\/section>\n\t\t\t\t<\/div>\n\t\t","protected":false},"excerpt":{"rendered":"<p>Cit\u00e9 El Ghazela R\u00e9sidence Donia La R\u00e9sidence DONIA est un ensemble r\u00e9sidentiel et commercial de standing sis \u00e0 Ennkhilete El Ghazala. C\u2019est immeuble r\u00e9parti en deux blocs. BLOC A en R+6 et Bloc B en R+5 il est compos\u00e9 e 36 appartement vari\u00e9s en s+1, s+2, s+3 et s+4 et le r\u00e9ez de chauss\u00e9e est [&hellip;]<\/p>\n","protected":false},"author":1,"featured_media":0,"parent":0,"menu_order":0,"comment_status":"closed","ping_status":"closed","template":"","meta":{"footnotes":""},"class_list":["post-2293","page","type-page","status-publish","hentry"],"_links":{"self":[{"href":"https:\/\/www.immobiliere-thapsus.com\/index.php\/wp-json\/wp\/v2\/pages\/2293","targetHints":{"allow":["GET"]}}],"collection":[{"href":"https:\/\/www.immobiliere-thapsus.com\/index.php\/wp-json\/wp\/v2\/pages"}],"about":[{"href":"https:\/\/www.immobiliere-thapsus.com\/index.php\/wp-json\/wp\/v2\/types\/page"}],"author":[{"embeddable":true,"href":"https:\/\/www.immobiliere-thapsus.com\/index.php\/wp-json\/wp\/v2\/users\/1"}],"replies":[{"embeddable":true,"href":"https:\/\/www.immobiliere-thapsus.com\/index.php\/wp-json\/wp\/v2\/comments?post=2293"}],"version-history":[{"count":7,"href":"https:\/\/www.immobiliere-thapsus.com\/index.php\/wp-json\/wp\/v2\/pages\/2293\/revisions"}],"predecessor-version":[{"id":2321,"href":"https:\/\/www.immobiliere-thapsus.com\/index.php\/wp-json\/wp\/v2\/pages\/2293\/revisions\/2321"}],"wp:attachment":[{"href":"https:\/\/www.immobiliere-thapsus.com\/index.php\/wp-json\/wp\/v2\/media?parent=2293"}],"curies":[{"name":"wp","href":"https:\/\/api.w.org\/{rel}","templated":true}]}}