{"id":876,"date":"2023-02-27T20:53:41","date_gmt":"2023-02-27T20:53:41","guid":{"rendered":"https:\/\/financelife.strongholdthemes.com\/dummydata\/demo1\/?page_id=876"},"modified":"2025-05-22T01:36:16","modified_gmt":"2025-05-21T23:36:16","slug":"presntation","status":"publish","type":"page","link":"https:\/\/www.immobiliere-thapsus.com\/index.php\/presntation\/","title":{"rendered":"Pr\u00e9sntation"},"content":{"rendered":"\t\t<div data-elementor-type=\"wp-page\" data-elementor-id=\"876\" class=\"elementor elementor-876\">\n\t\t\t\t\t\t<section class=\"elementor-section elementor-top-section elementor-element elementor-element-1437574 elementor-section-boxed elementor-section-height-default elementor-section-height-default\" data-id=\"1437574\" data-element_type=\"section\">\n\t\t\t\t\t\t<div class=\"elementor-container elementor-column-gap-default\">\n\t\t\t\t\t<div class=\"elementor-column elementor-col-100 elementor-top-column elementor-element elementor-element-56781ac\" data-id=\"56781ac\" data-element_type=\"column\">\n\t\t\t<div class=\"elementor-widget-wrap elementor-element-populated\">\n\t\t\t\t\t\t<div class=\"elementor-element elementor-element-0c33a00 elementor-widget elementor-widget-financier-heading\" data-id=\"0c33a00\" data-element_type=\"widget\" data-widget_type=\"financier-heading.default\">\n\t\t\t\t<div class=\"elementor-widget-container\">\n\t\t\t\t\t<div class=\"stronghold-heading\"><div class=\"heading-subtitle\"><span class=\"heading-subtitle-span heading-subtitle\">Qui sommes-nous?<\/span><\/div><div class=\"heading-title\"><h3 class=\"heading-title-element\">Immobili\u00e8re Thpasus<\/h3><span class=\"heading-separator\"><\/span><\/div><\/div>\t\t\t\t<\/div>\n\t\t\t\t<\/div>\n\t\t\t\t<div class=\"elementor-element elementor-element-838a8e0 elementor-widget elementor-widget-text-editor\" data-id=\"838a8e0\" data-element_type=\"widget\" data-widget_type=\"text-editor.default\">\n\t\t\t\t<div class=\"elementor-widget-container\">\n\t\t\t\t\t\t\t\t\t<p>Soci\u00e9t\u00e9 Thapsus Immobili\u00e8re est une soci\u00e9t\u00e9 de promotion immobili\u00e8re appartenant \u00e0 un groupe de soci\u00e9t\u00e9s exer\u00e7ant dans des divers domaines dont celui d\u2019\u00e9tanch\u00e9it\u00e9 et mat\u00e9riel de construction.<\/p><p>Notre agence tunisienne de promotion immobili\u00e8re cr\u00e9\u00e9e en 2003 sous la g\u00e9rance de Monsieur GALAI EZZAR NEJIB a pour forme juridique SARL au capital social 500 000 DT agr\u00e9\u00e9 par l\u2019\u00e9tat et sp\u00e9cialis\u00e9e dans la construction et la vente de biens immobiliers.<\/p><p>La soci\u00e9t\u00e9 immobili\u00e8re thapsus a pour objectif d\u2019offrir des espaces de vie confortable, fonctionnelle et harmonieuse et r\u00e9pondre mieux aux besoins d\u2019une client\u00e8le de plus en plus exigente tout en respectant nos engagements avec fiabilit\u00e9 et transparence.<\/p>\t\t\t\t\t\t\t\t<\/div>\n\t\t\t\t<\/div>\n\t\t\t\t\t<\/div>\n\t\t<\/div>\n\t\t\t\t\t<\/div>\n\t\t<\/section>\n\t\t\t\t<section class=\"elementor-section elementor-top-section elementor-element elementor-element-2f585db elementor-section-boxed elementor-section-height-default elementor-section-height-default\" data-id=\"2f585db\" data-element_type=\"section\" data-settings=\"{&quot;background_background&quot;:&quot;classic&quot;}\">\n\t\t\t\t\t\t<div class=\"elementor-container elementor-column-gap-default\">\n\t\t\t\t\t<div class=\"elementor-column elementor-col-50 elementor-top-column elementor-element elementor-element-9178107\" data-id=\"9178107\" data-element_type=\"column\">\n\t\t\t<div class=\"elementor-widget-wrap elementor-element-populated\">\n\t\t\t\t\t\t<div class=\"elementor-element elementor-element-af3d9c0 elementor-widget elementor-widget-financier-heading\" data-id=\"af3d9c0\" data-element_type=\"widget\" data-widget_type=\"financier-heading.default\">\n\t\t\t\t<div class=\"elementor-widget-container\">\n\t\t\t\t\t<div class=\"stronghold-heading\"><div class=\"heading-title\"><h3 class=\"heading-title-element\">Nos \u00e9quipes<\/h3><span class=\"heading-separator\"><\/span><\/div><\/div>\t\t\t\t<\/div>\n\t\t\t\t<\/div>\n\t\t\t\t<div class=\"elementor-element elementor-element-61eecaa elementor-widget elementor-widget-text-editor\" data-id=\"61eecaa\" data-element_type=\"widget\" data-widget_type=\"text-editor.default\">\n\t\t\t\t<div class=\"elementor-widget-container\">\n\t\t\t\t\t\t\t\t\tNous jouissons dune \u00e9quipe compacte et exp\u00e9riment\u00e9e, qui est \u00e0 votre disposition pour r\u00e9pondre \u00e0 vos besoins et vos exigences, et d\u2019un service apr\u00e8s vente qui sera tout le temps l\u00e0 \u00e0 votre \u00e9coute et veillera \u00e0 satisfaire vos demandes.\t\t\t\t\t\t\t\t<\/div>\n\t\t\t\t<\/div>\n\t\t\t\t\t<\/div>\n\t\t<\/div>\n\t\t\t\t<div class=\"elementor-column elementor-col-50 elementor-top-column elementor-element elementor-element-b26b3e8\" data-id=\"b26b3e8\" data-element_type=\"column\">\n\t\t\t<div class=\"elementor-widget-wrap elementor-element-populated\">\n\t\t\t\t\t\t<div class=\"elementor-element elementor-element-80d2c55 elementor-widget elementor-widget-financier-heading\" data-id=\"80d2c55\" data-element_type=\"widget\" data-widget_type=\"financier-heading.default\">\n\t\t\t\t<div class=\"elementor-widget-container\">\n\t\t\t\t\t<div class=\"stronghold-heading\"><div class=\"heading-title\"><h3 class=\"heading-title-element\">Nos services<\/h3><span class=\"heading-separator\"><\/span><\/div><\/div>\t\t\t\t<\/div>\n\t\t\t\t<\/div>\n\t\t\t\t<div class=\"elementor-element elementor-element-78d99b7 elementor-widget elementor-widget-text-editor\" data-id=\"78d99b7\" data-element_type=\"widget\" data-widget_type=\"text-editor.default\">\n\t\t\t\t<div class=\"elementor-widget-container\">\n\t\t\t\t\t\t\t\t\t<p><strong>L\u2019assistance juridique:<\/strong>\u00a0La soci\u00e9t\u00e9 de promotion immobili\u00e8re thapsus vous procure une vraie assistance juridique lors de l\u2019acquisition de votre logement et vous dispensera des conseils judicieux.<br \/><strong>Le conseil financier:<\/strong>\u00a0gr\u00e2ce \u00e0 des outils de simulation de sch\u00e9mas de financement, nous pouvons vous aider \u00e0 mieux projeter votre acquisition et vous orienter vers nos partenaires bancaires afin de b\u00e9n\u00e9ficier du meilleur montage financier pour faciliter les accords de cr\u00e9dit pour nos clients.<\/p>\t\t\t\t\t\t\t\t<\/div>\n\t\t\t\t<\/div>\n\t\t\t\t\t<\/div>\n\t\t<\/div>\n\t\t\t\t\t<\/div>\n\t\t<\/section>\n\t\t\t\t<section class=\"elementor-section elementor-top-section elementor-element elementor-element-92b45e1 elementor-section-boxed elementor-section-height-default elementor-section-height-default\" data-id=\"92b45e1\" data-element_type=\"section\">\n\t\t\t\t\t\t<div class=\"elementor-container elementor-column-gap-default\">\n\t\t\t\t\t<div class=\"elementor-column elementor-col-100 elementor-top-column elementor-element elementor-element-44fbbc0\" data-id=\"44fbbc0\" data-element_type=\"column\">\n\t\t\t<div class=\"elementor-widget-wrap elementor-element-populated\">\n\t\t\t\t\t\t<div class=\"elementor-element elementor-element-f1105f9 elementor-widget elementor-widget-text-editor\" data-id=\"f1105f9\" data-element_type=\"widget\" data-widget_type=\"text-editor.default\">\n\t\t\t\t<div class=\"elementor-widget-container\">\n\t\t\t\t\t\t\t\t\t<p>Nous mettons \u00e0 votre disposition ce site cr\u00e9\u00e9 pour vous permettre de d\u00e9couvrir notre agence de promotion immobili\u00e8re et mieux encore, de nous appr\u00e9cier puisque la qualit\u00e9 est notre objectif.<\/p><p>Vous avez besoin d\u2019une information rapide et efficace sur nos produits propos\u00e9s? N\u2019h\u00e9sitez pas surtout \u00e0 nous contacter, notre soci\u00e9t\u00e9 se fera un plaisir de r\u00e9pondre \u00e0 toutes vos interrogations dans les d\u00e9lais les plus brefs.<\/p>\t\t\t\t\t\t\t\t<\/div>\n\t\t\t\t<\/div>\n\t\t\t\t\t<\/div>\n\t\t<\/div>\n\t\t\t\t\t<\/div>\n\t\t<\/section>\n\t\t\t\t<\/div>\n\t\t","protected":false},"excerpt":{"rendered":"<p>Qui sommes-nous? Immobili\u00e8re Thpasus Soci\u00e9t\u00e9 Thapsus Immobili\u00e8re est une soci\u00e9t\u00e9 de promotion immobili\u00e8re appartenant \u00e0 un groupe de soci\u00e9t\u00e9s exer\u00e7ant dans des divers domaines dont celui d\u2019\u00e9tanch\u00e9it\u00e9 et mat\u00e9riel de construction. Notre agence tunisienne de promotion immobili\u00e8re cr\u00e9\u00e9e en 2003 sous la g\u00e9rance de Monsieur GALAI EZZAR NEJIB a pour forme juridique SARL au capital [&hellip;]<\/p>\n","protected":false},"author":1,"featured_media":0,"parent":0,"menu_order":0,"comment_status":"closed","ping_status":"closed","template":"","meta":{"footnotes":""},"class_list":["post-876","page","type-page","status-publish","hentry"],"_links":{"self":[{"href":"https:\/\/www.immobiliere-thapsus.com\/index.php\/wp-json\/wp\/v2\/pages\/876","targetHints":{"allow":["GET"]}}],"collection":[{"href":"https:\/\/www.immobiliere-thapsus.com\/index.php\/wp-json\/wp\/v2\/pages"}],"about":[{"href":"https:\/\/www.immobiliere-thapsus.com\/index.php\/wp-json\/wp\/v2\/types\/page"}],"author":[{"embeddable":true,"href":"https:\/\/www.immobiliere-thapsus.com\/index.php\/wp-json\/wp\/v2\/users\/1"}],"replies":[{"embeddable":true,"href":"https:\/\/www.immobiliere-thapsus.com\/index.php\/wp-json\/wp\/v2\/comments?post=876"}],"version-history":[{"count":9,"href":"https:\/\/www.immobiliere-thapsus.com\/index.php\/wp-json\/wp\/v2\/pages\/876\/revisions"}],"predecessor-version":[{"id":2412,"href":"https:\/\/www.immobiliere-thapsus.com\/index.php\/wp-json\/wp\/v2\/pages\/876\/revisions\/2412"}],"wp:attachment":[{"href":"https:\/\/www.immobiliere-thapsus.com\/index.php\/wp-json\/wp\/v2\/media?parent=876"}],"curies":[{"name":"wp","href":"https:\/\/api.w.org\/{rel}","templated":true}]}}